{"id":10,"date":"2021-09-21T11:50:09","date_gmt":"2021-09-21T09:50:09","guid":{"rendered":"http:\/\/dombankietowyanna.pl\/hotel\/?page_id=10"},"modified":"2021-09-23T14:21:24","modified_gmt":"2021-09-23T12:21:24","slug":"o-nas","status":"publish","type":"page","link":"https:\/\/dombankietowyanna.pl\/hotel\/o-nas\/","title":{"rendered":"O NAS"},"content":{"rendered":"\t\t<div data-elementor-type=\"wp-page\" data-elementor-id=\"10\" class=\"elementor elementor-10\" data-elementor-settings=\"[]\">\n\t\t\t\t\t\t\t<div class=\"elementor-section-wrap\">\n\t\t\t\t\t\t\t<section class=\"has_eae_slider elementor-section elementor-top-section elementor-element elementor-element-16f7ebe5 elementor-section-height-min-height elementor-section-stretched elementor-section-boxed elementor-section-height-default elementor-section-items-middle\" data-id=\"16f7ebe5\" data-element_type=\"section\" data-settings=\"{&quot;stretch_section&quot;:&quot;section-stretched&quot;,&quot;background_background&quot;:&quot;classic&quot;,&quot;_ha_eqh_enable&quot;:false}\">\n\t\t\t\t\t\t<div class=\"elementor-container elementor-column-gap-default\">\n\t\t\t\t\t<div class=\"has_eae_slider elementor-column elementor-col-100 elementor-top-column elementor-element elementor-element-6a148dcd\" data-id=\"6a148dcd\" data-element_type=\"column\">\n\t\t\t<div class=\"elementor-widget-wrap\">\n\t\t\t\t\t\t\t\t\t<\/div>\n\t\t<\/div>\n\t\t\t\t\t\t\t<\/div>\n\t\t<\/section>\n\t\t\t\t<section class=\"has_eae_slider elementor-section elementor-top-section elementor-element elementor-element-75d76d7f elementor-section-boxed elementor-section-height-default elementor-section-height-default\" data-id=\"75d76d7f\" data-element_type=\"section\" data-settings=\"{&quot;_ha_eqh_enable&quot;:false}\">\n\t\t\t\t\t\t<div class=\"elementor-container elementor-column-gap-default\">\n\t\t\t\t\t<div class=\"has_eae_slider elementor-column elementor-col-33 elementor-top-column elementor-element elementor-element-498b59c0\" data-id=\"498b59c0\" data-element_type=\"column\">\n\t\t\t<div class=\"elementor-widget-wrap\">\n\t\t\t\t\t\t\t\t\t<\/div>\n\t\t<\/div>\n\t\t\t\t<div class=\"has_eae_slider elementor-column elementor-col-33 elementor-top-column elementor-element elementor-element-bead4d4\" data-id=\"bead4d4\" data-element_type=\"column\">\n\t\t\t<div class=\"elementor-widget-wrap elementor-element-populated\">\n\t\t\t\t\t\t\t\t<div class=\"elementor-element elementor-element-716c3d34 elementor-widget elementor-widget-image\" data-id=\"716c3d34\" data-element_type=\"widget\" data-widget_type=\"image.default\">\n\t\t\t\t<div class=\"elementor-widget-container\">\n\t\t\t\t\t\t\t\t\t\t\t\t\t\t\t<img width=\"78\" height=\"18\" src=\"https:\/\/dombankietowyanna.pl\/hotel\/wp-content\/uploads\/2021\/09\/stars.png\" class=\"attachment-large size-large\" alt=\"\" loading=\"lazy\" \/>\t\t\t\t\t\t\t\t\t\t\t\t\t\t\t<\/div>\n\t\t\t\t<\/div>\n\t\t\t\t<div class=\"elementor-element elementor-element-64a5dcf5 elementor-widget elementor-widget-heading\" data-id=\"64a5dcf5\" data-element_type=\"widget\" data-widget_type=\"heading.default\">\n\t\t\t\t<div class=\"elementor-widget-container\">\n\t\t\t<h2 class=\"elementor-heading-title elementor-size-default\">POKOJE GO\u015aCINNE<\/h2>\t\t<\/div>\n\t\t\t\t<\/div>\n\t\t\t\t<div class=\"elementor-element elementor-element-55affdce elementor-widget elementor-widget-heading\" data-id=\"55affdce\" data-element_type=\"widget\" data-widget_type=\"heading.default\">\n\t\t\t\t<div class=\"elementor-widget-container\">\n\t\t\t<h2 class=\"elementor-heading-title elementor-size-default\">\"ANNA\"<\/h2>\t\t<\/div>\n\t\t\t\t<\/div>\n\t\t\t\t\t<\/div>\n\t\t<\/div>\n\t\t\t\t<div class=\"has_eae_slider elementor-column elementor-col-33 elementor-top-column elementor-element elementor-element-3be3b9f2\" data-id=\"3be3b9f2\" data-element_type=\"column\">\n\t\t\t<div class=\"elementor-widget-wrap\">\n\t\t\t\t\t\t\t\t\t<\/div>\n\t\t<\/div>\n\t\t\t\t\t\t\t<\/div>\n\t\t<\/section>\n\t\t\t\t<section class=\"has_eae_slider elementor-section elementor-top-section elementor-element elementor-element-621c5701 elementor-section-boxed elementor-section-height-default elementor-section-height-default\" data-id=\"621c5701\" data-element_type=\"section\" data-settings=\"{&quot;_ha_eqh_enable&quot;:false}\">\n\t\t\t\t\t\t<div class=\"elementor-container elementor-column-gap-default\">\n\t\t\t\t\t<div class=\"has_eae_slider elementor-column elementor-col-100 elementor-top-column elementor-element elementor-element-1dfc4dfb\" data-id=\"1dfc4dfb\" data-element_type=\"column\">\n\t\t\t<div class=\"elementor-widget-wrap elementor-element-populated\">\n\t\t\t\t\t\t\t\t<div class=\"elementor-element elementor-element-74135fed elementor-widget elementor-widget-text-editor\" data-id=\"74135fed\" data-element_type=\"widget\" data-widget_type=\"text-editor.default\">\n\t\t\t\t<div class=\"elementor-widget-container\">\n\t\t\t\t\t\t\t<p>Dom Bankietowy &#8220;Anna&#8221; zosta\u0142 wybudowany w 2006r i jest to lokal kt\u00f3ry spe\u0142nia wymagania nawet najbardziej wymagaj\u0105cych klient\u00f3w. <strong>Obiekt po\u0142o\u017cony jest o 30 minut drogi od Warszawy i 5 km od lotniska w Modlinie.<\/strong><br \/>Zapraszamy Pa\u0144stwa do zorganizowania niezapomnianego przyj\u0119cia weselnego w nowo wybudowanym obiekcie.<br \/>Profesjonalna obs\u0142uga, klimatyzowana sala, dobra akustyka, specjalne o\u015bwietlenie sali sprawia, i\u017c atmosfera wn\u0119trza jest nadzwyczaj intymna i wyj\u0105tkowa.<br \/>Przez ca\u0142y czas trwania uroczysto\u015bci do Pa\u0144stwa dyspozycji jest mi\u0142a i profesjonalna obs\u0142uga.<br \/>Oferujemy niskie ceny, bogate menu oraz gwarantujemy indywidualne podej\u015bcie przy w\u0142asnym komponowaniu menu i wspania\u0142\u0105 zabaw\u0119.<\/p><p><strong>W 2013r. rozszerzyli\u015bmy dzia\u0142alno\u015b\u0107 o us\u0142ugi hotelarskie<\/strong>. Mi\u0142a i profesjonalna obs\u0142uga, smaczna kuchnia, kameralna atmosfera, komfortowe pokoje, a to wszystko w po\u0142\u0105czeniu z przyst\u0119pnymi cenami pozwoli\u0142y nam od samego pocz\u0105tku zbiera\u0107 znakomite recenzje od naszych go\u015bci. Z opiniami o naszym hoteliku mo\u017ce zapozna\u0107 si\u0119 Pa\u0144stwo m.in. na portalu booking.com<\/p>\t\t\t\t\t\t<\/div>\n\t\t\t\t<\/div>\n\t\t\t\t\t<\/div>\n\t\t<\/div>\n\t\t\t\t\t\t\t<\/div>\n\t\t<\/section>\n\t\t\t\t<section class=\"has_eae_slider elementor-section elementor-top-section elementor-element elementor-element-2de53aef elementor-section-stretched elementor-section-boxed elementor-section-height-default elementor-section-height-default\" data-id=\"2de53aef\" data-element_type=\"section\" data-settings=\"{&quot;stretch_section&quot;:&quot;section-stretched&quot;,&quot;background_background&quot;:&quot;classic&quot;,&quot;_ha_eqh_enable&quot;:false}\">\n\t\t\t\t\t\t\t<div class=\"elementor-background-overlay\"><\/div>\n\t\t\t\t\t\t\t<div class=\"elementor-container elementor-column-gap-default\">\n\t\t\t\t\t<div class=\"has_eae_slider elementor-column elementor-col-100 elementor-top-column elementor-element elementor-element-55ade096\" data-id=\"55ade096\" data-element_type=\"column\">\n\t\t\t<div class=\"elementor-widget-wrap elementor-element-populated\">\n\t\t\t\t\t\t\t\t<section class=\"has_eae_slider elementor-section elementor-inner-section elementor-element elementor-element-64b02bd4 elementor-section-boxed elementor-section-height-default elementor-section-height-default\" data-id=\"64b02bd4\" data-element_type=\"section\" data-settings=\"{&quot;_ha_eqh_enable&quot;:false}\">\n\t\t\t\t\t\t<div class=\"elementor-container elementor-column-gap-default\">\n\t\t\t\t\t<div class=\"has_eae_slider elementor-column elementor-col-33 elementor-inner-column elementor-element elementor-element-7bb8887c\" data-id=\"7bb8887c\" data-element_type=\"column\">\n\t\t\t<div class=\"elementor-widget-wrap\">\n\t\t\t\t\t\t\t\t\t<\/div>\n\t\t<\/div>\n\t\t\t\t<div class=\"has_eae_slider elementor-column elementor-col-33 elementor-inner-column elementor-element elementor-element-9289a07\" data-id=\"9289a07\" data-element_type=\"column\">\n\t\t\t<div class=\"elementor-widget-wrap elementor-element-populated\">\n\t\t\t\t\t\t\t\t<div class=\"elementor-element elementor-element-31ed6fb5 elementor-widget elementor-widget-image\" data-id=\"31ed6fb5\" data-element_type=\"widget\" data-widget_type=\"image.default\">\n\t\t\t\t<div class=\"elementor-widget-container\">\n\t\t\t\t\t\t\t\t\t\t\t\t\t\t\t<img width=\"1024\" height=\"408\" src=\"https:\/\/dombankietowyanna.pl\/hotel\/wp-content\/uploads\/2021\/09\/onas1-1024x408.jpg\" class=\"attachment-large size-large\" alt=\"\" loading=\"lazy\" srcset=\"https:\/\/dombankietowyanna.pl\/hotel\/wp-content\/uploads\/2021\/09\/onas1-1024x408.jpg 1024w, https:\/\/dombankietowyanna.pl\/hotel\/wp-content\/uploads\/2021\/09\/onas1-300x120.jpg 300w, https:\/\/dombankietowyanna.pl\/hotel\/wp-content\/uploads\/2021\/09\/onas1-768x306.jpg 768w, https:\/\/dombankietowyanna.pl\/hotel\/wp-content\/uploads\/2021\/09\/onas1.jpg 1041w\" sizes=\"(max-width: 1024px) 100vw, 1024px\" \/>\t\t\t\t\t\t\t\t\t\t\t\t\t\t\t<\/div>\n\t\t\t\t<\/div>\n\t\t\t\t\t<\/div>\n\t\t<\/div>\n\t\t\t\t<div class=\"has_eae_slider elementor-column elementor-col-33 elementor-inner-column elementor-element elementor-element-5f0bfac8\" data-id=\"5f0bfac8\" data-element_type=\"column\">\n\t\t\t<div class=\"elementor-widget-wrap\">\n\t\t\t\t\t\t\t\t\t<\/div>\n\t\t<\/div>\n\t\t\t\t\t\t\t<\/div>\n\t\t<\/section>\n\t\t\t\t<div class=\"elementor-element elementor-element-192d83b0 elementor-widget elementor-widget-heading\" data-id=\"192d83b0\" data-element_type=\"widget\" data-widget_type=\"heading.default\">\n\t\t\t\t<div class=\"elementor-widget-container\">\n\t\t\t<h2 class=\"elementor-heading-title elementor-size-default\">NASZA OFERTA<\/h2>\t\t<\/div>\n\t\t\t\t<\/div>\n\t\t\t\t<div class=\"elementor-element elementor-element-21317a8e elementor-align-center elementor-widget elementor-widget-button\" data-id=\"21317a8e\" data-element_type=\"widget\" data-widget_type=\"button.default\">\n\t\t\t\t<div class=\"elementor-widget-container\">\n\t\t\t\t\t<div class=\"elementor-button-wrapper\">\n\t\t\t<a href=\"http:\/\/dombankietowyanna.pl\/hotel\/oferta\/\" class=\"elementor-button-link elementor-button elementor-size-lg elementor-animation-grow\" role=\"button\">\n\t\t\t\t\t\t<span class=\"elementor-button-content-wrapper\">\n\t\t\t\t\t\t<span class=\"elementor-button-text\">SPRAWD\u0179 OFERTE POKOI GO\u015aCINNYCH ANNA<\/span>\n\t\t<\/span>\n\t\t\t\t\t<\/a>\n\t\t<\/div>\n\t\t\t\t<\/div>\n\t\t\t\t<\/div>\n\t\t\t\t\t<\/div>\n\t\t<\/div>\n\t\t\t\t\t\t\t<\/div>\n\t\t<\/section>\n\t\t\t\t<section class=\"has_eae_slider elementor-section elementor-top-section elementor-element elementor-element-8c4c005 elementor-section-stretched elementor-section-boxed elementor-section-height-default elementor-section-height-default\" data-id=\"8c4c005\" data-element_type=\"section\" data-settings=\"{&quot;stretch_section&quot;:&quot;section-stretched&quot;,&quot;background_background&quot;:&quot;classic&quot;,&quot;_ha_eqh_enable&quot;:false}\">\n\t\t\t\t\t\t<div class=\"elementor-container elementor-column-gap-default\">\n\t\t\t\t\t<div class=\"has_eae_slider elementor-column elementor-col-100 elementor-top-column elementor-element elementor-element-e73cd19\" data-id=\"e73cd19\" data-element_type=\"column\">\n\t\t\t<div class=\"elementor-widget-wrap elementor-element-populated\">\n\t\t\t\t\t\t\t\t<div class=\"elementor-element elementor-element-5ee832d elementor-widget elementor-widget-image\" data-id=\"5ee832d\" data-element_type=\"widget\" data-widget_type=\"image.default\">\n\t\t\t\t<div class=\"elementor-widget-container\">\n\t\t\t\t\t\t\t\t\t\t\t\t\t\t\t<img width=\"278\" height=\"112\" src=\"https:\/\/dombankietowyanna.pl\/hotel\/wp-content\/uploads\/2021\/09\/PIORO.png\" class=\"attachment-large size-large\" alt=\"\" loading=\"lazy\" \/>\t\t\t\t\t\t\t\t\t\t\t\t\t\t\t<\/div>\n\t\t\t\t<\/div>\n\t\t\t\t<div class=\"elementor-element elementor-element-8a261e6 elementor-widget elementor-widget-heading\" data-id=\"8a261e6\" data-element_type=\"widget\" data-widget_type=\"heading.default\">\n\t\t\t\t<div class=\"elementor-widget-container\">\n\t\t\t<h2 class=\"elementor-heading-title elementor-size-default\">NAPISZ LUB ZADZWO\u0143<\/h2>\t\t<\/div>\n\t\t\t\t<\/div>\n\t\t\t\t<div class=\"elementor-element elementor-element-abbdcaf elementor-widget elementor-widget-heading\" data-id=\"abbdcaf\" data-element_type=\"widget\" data-widget_type=\"heading.default\">\n\t\t\t\t<div class=\"elementor-widget-container\">\n\t\t\t<h2 class=\"elementor-heading-title elementor-size-default\">KONTAKT<\/h2>\t\t<\/div>\n\t\t\t\t<\/div>\n\t\t\t\t<div class=\"elementor-element elementor-element-99728f7 elementor-widget elementor-widget-text-editor\" data-id=\"99728f7\" data-element_type=\"widget\" data-widget_type=\"text-editor.default\">\n\t\t\t\t<div class=\"elementor-widget-container\">\n\t\t\t\t\t\t\tPokoje Go\u015bcinne \u201eANNA\u201d\t\t\t\t\t\t<\/div>\n\t\t\t\t<\/div>\n\t\t\t\t<div class=\"elementor-element elementor-element-fde2f99 elementor-widget elementor-widget-text-editor\" data-id=\"fde2f99\" data-element_type=\"widget\" data-widget_type=\"text-editor.default\">\n\t\t\t\t<div class=\"elementor-widget-container\">\n\t\t\t\t\t\t\t<p>05\u2013102 Nowy Dw\u00f3r Mazowiecki | ul. Jana Paw\u0142a 27<\/p><p>Tel: +48 606 144 603 | Tel: +48 503 948 380<\/p><p>E-mail: hotel@dombankietowyanna.pl | kontakt@dombankietowyanna.pl\u00a0<\/p>\t\t\t\t\t\t<\/div>\n\t\t\t\t<\/div>\n\t\t\t\t\t<\/div>\n\t\t<\/div>\n\t\t\t\t\t\t\t<\/div>\n\t\t<\/section>\n\t\t\t\t<section class=\"has_eae_slider elementor-section elementor-top-section elementor-element elementor-element-0bfa50b elementor-section-boxed elementor-section-height-default elementor-section-height-default\" data-id=\"0bfa50b\" data-element_type=\"section\" data-settings=\"{&quot;background_background&quot;:&quot;classic&quot;,&quot;_ha_eqh_enable&quot;:false}\">\n\t\t\t\t\t\t<div class=\"elementor-container elementor-column-gap-default\">\n\t\t\t\t\t<div class=\"has_eae_slider elementor-column elementor-col-100 elementor-top-column elementor-element elementor-element-0491f8a\" data-id=\"0491f8a\" data-element_type=\"column\">\n\t\t\t<div class=\"elementor-widget-wrap elementor-element-populated\">\n\t\t\t\t\t\t\t\t<div class=\"elementor-element elementor-element-3e9d926 elementor-widget elementor-widget-shortcode\" data-id=\"3e9d926\" data-element_type=\"widget\" data-widget_type=\"shortcode.default\">\n\t\t\t\t<div class=\"elementor-widget-container\">\n\t\t\t\t\t<div class=\"elementor-shortcode\"><div class=\"forminator-ui forminator-custom-form forminator-custom-form-100 forminator-design--material  forminator_ajax\" data-forminator-render=\"0\" data-form=\"forminator-module-100\"><br\/><\/div><form\n\t\t\t\tid=\"forminator-module-100\"\n\t\t\t\tclass=\"forminator-ui forminator-custom-form forminator-custom-form-100 forminator-design--material  forminator_ajax\"\n\t\t\t\tmethod=\"post\"\n\t\t\t\tdata-forminator-render=\"0\"\n\t\t\t\tdata-form-id=\"100\"\n\t\t\t\t\n\t\t\t\tdata-design=\"material\"\n\t\t\t\t\n\t\t\t\t\n\t\t\t\t\n\t\t\t\tdata-grid=\"open\"\n\t\t\t\t\n\t\t\t\t\n\t\t\t\tstyle=\"display: none;\"\n\t\t\t><div class=\"forminator-response-message forminator-error\" aria-hidden=\"true\"><\/div><div class=\"forminator-row\"><div id=\"name-1\" class=\"forminator-col forminator-col-6 \"><div class=\"forminator-field\"><label for=\"forminator-field-name-1\" class=\"forminator-label\">Imi\u0119 i nazwisko <span class=\"forminator-required\">*<\/span><\/label><input type=\"text\" name=\"name-1\" value=\"\" placeholder=\"\" id=\"forminator-field-name-1\" class=\"forminator-input forminator-name--field\" aria-required=\"true\" \/><\/div><\/div><div id=\"email-1\" class=\"forminator-col forminator-col-6 \"><div class=\"forminator-field\"><label for=\"forminator-field-email-1\" class=\"forminator-label\">Adres email <span class=\"forminator-required\">*<\/span><\/label><input type=\"email\" name=\"email-1\" value=\"\" placeholder=\"\" id=\"forminator-field-email-1\" class=\"forminator-input forminator-email--field\" data-required=\"true\" aria-required=\"true\" \/><\/div><\/div><\/div><div class=\"forminator-row\"><div id=\"phone-1\" class=\"forminator-col forminator-col-6 \"><div class=\"forminator-field\"><label for=\"forminator-field-phone-1\" class=\"forminator-label\">Numer telefonu<\/label><input type=\"text\" name=\"phone-1\" value=\"\" placeholder=\"\" id=\"forminator-field-phone-1\" class=\"forminator-input forminator-field--phone\" data-required=\"\" aria-required=\"false\" autocomplete=\"off\" \/><\/div><\/div><div id=\"phone-2\" class=\"forminator-col forminator-col-6 \"><div class=\"forminator-field\"><label for=\"forminator-field-phone-2\" class=\"forminator-label\">Temat wiadomo\u015bci<\/label><input type=\"text\" name=\"phone-2\" value=\"\" placeholder=\"\" id=\"forminator-field-phone-2\" class=\"forminator-input forminator-field--phone\" data-required=\"\" aria-required=\"false\" autocomplete=\"off\" \/><\/div><\/div><\/div><div class=\"forminator-row\"><div id=\"textarea-1\" class=\"forminator-col forminator-col-12 \"><div class=\"forminator-field\"><label for=\"forminator-field-textarea-1\" class=\"forminator-label\">Wiadomo\u015b\u0107<\/label><textarea name=\"textarea-1\" placeholder=\"\" id=\"forminator-field-textarea-1\" class=\"forminator-textarea\" rows=\"6\" style=\"min-height:140px;\" maxlength=\"180\" ><\/textarea><span class=\"forminator-description\"><span data-limit=\"180\" data-type=\"characters\">0 \/ 180<\/span><\/span><\/div><\/div><\/div><input type=\"hidden\" name=\"referer_url\" value=\"\" \/><div class=\"forminator-row forminator-row-last\"><div class=\"forminator-col\"><div class=\"forminator-field\"><button class=\"forminator-button forminator-button-submit\"><span>Wy\u015blij wiadomo\u015b\u0107<\/span><span aria-hidden=\"true\"><\/span><\/button><\/div><\/div><\/div><input type=\"hidden\" id=\"forminator_nonce\" name=\"forminator_nonce\" value=\"d89e68b572\" \/><input type=\"hidden\" name=\"_wp_http_referer\" value=\"\/hotel\/wp-json\/wp\/v2\/pages\/10\" \/><input type=\"hidden\" name=\"form_id\" value=\"100\"><input type=\"hidden\" name=\"page_id\" value=\"10\"><input type=\"hidden\" name=\"form_type\" value=\"default\"><input type=\"hidden\" name=\"current_url\" value=\"https:\/\/dombankietowyanna.pl\/hotel\/wp-json\/wp\/v2\/pages\/10\/\"><input type=\"hidden\" name=\"render_id\" value=\"0\"><input type=\"hidden\" name=\"action\" value=\"forminator_submit_form_custom-forms\"><\/form><\/div>\n\t\t\t\t<\/div>\n\t\t\t\t<\/div>\n\t\t\t\t\t<\/div>\n\t\t<\/div>\n\t\t\t\t\t\t\t<\/div>\n\t\t<\/section>\n\t\t\t\t<section class=\"has_eae_slider elementor-section elementor-top-section elementor-element elementor-element-ac46848 elementor-section-full_width elementor-section-stretched elementor-section-height-default elementor-section-height-default\" data-id=\"ac46848\" data-element_type=\"section\" data-settings=\"{&quot;stretch_section&quot;:&quot;section-stretched&quot;,&quot;shape_divider_top&quot;:&quot;arrow&quot;,&quot;_ha_eqh_enable&quot;:false}\">\n\t\t\t\t\t<div class=\"elementor-shape elementor-shape-top\" data-negative=\"false\">\n\t\t\t<svg xmlns=\"http:\/\/www.w3.org\/2000\/svg\" viewBox=\"0 0 700 10\" preserveAspectRatio=\"none\">\n\t<path class=\"elementor-shape-fill\" d=\"M350,10L340,0h20L350,10z\"\/>\n<\/svg>\t\t<\/div>\n\t\t\t\t\t<div class=\"elementor-container elementor-column-gap-default\">\n\t\t\t\t\t<div class=\"has_eae_slider elementor-column elementor-col-100 elementor-top-column elementor-element elementor-element-ebcb8ff\" data-id=\"ebcb8ff\" data-element_type=\"column\">\n\t\t\t<div class=\"elementor-widget-wrap elementor-element-populated\">\n\t\t\t\t\t\t\t\t<div class=\"elementor-element elementor-element-cb60371 elementor-widget elementor-widget-google_maps\" data-id=\"cb60371\" data-element_type=\"widget\" data-widget_type=\"google_maps.default\">\n\t\t\t\t<div class=\"elementor-widget-container\">\n\t\t\t\t\t<div class=\"elementor-custom-embed\">\n\t\t\t<iframe frameborder=\"0\" scrolling=\"no\" marginheight=\"0\" marginwidth=\"0\"\n\t\t\t\t\tsrc=\"https:\/\/maps.google.com\/maps?q=dom%20bankietowy%20anna%20nowy%20dw%C3%B3r%20mazowiecki&#038;t=m&#038;z=15&#038;output=embed&#038;iwloc=near\"\n\t\t\t\t\ttitle=\"dom bankietowy anna nowy dw\u00f3r mazowiecki\"\n\t\t\t\t\taria-label=\"dom bankietowy anna nowy dw\u00f3r mazowiecki\"\n\t\t\t><\/iframe>\n\t\t<\/div>\n\t\t\t\t<\/div>\n\t\t\t\t<\/div>\n\t\t\t\t\t<\/div>\n\t\t<\/div>\n\t\t\t\t\t\t\t<\/div>\n\t\t<\/section>\n\t\t\t\t<section class=\"has_eae_slider elementor-section elementor-top-section elementor-element elementor-element-678afe5 elementor-section-stretched elementor-section-boxed elementor-section-height-default elementor-section-height-default\" data-id=\"678afe5\" data-element_type=\"section\" data-settings=\"{&quot;stretch_section&quot;:&quot;section-stretched&quot;,&quot;background_background&quot;:&quot;classic&quot;,&quot;_ha_eqh_enable&quot;:false}\">\n\t\t\t\t\t\t<div class=\"elementor-container elementor-column-gap-default\">\n\t\t\t\t\t<div class=\"has_eae_slider elementor-column elementor-col-50 elementor-top-column elementor-element elementor-element-eef70cd\" data-id=\"eef70cd\" data-element_type=\"column\">\n\t\t\t<div class=\"elementor-widget-wrap elementor-element-populated\">\n\t\t\t\t\t\t\t\t<div data-ha-element-link=\"{&quot;url&quot;:&quot;https:\\\/\\\/prestomedia.pl\\\/&quot;,&quot;is_external&quot;:&quot;on&quot;,&quot;nofollow&quot;:&quot;&quot;,&quot;custom_attributes&quot;:&quot;&quot;}\" style=\"cursor: pointer\" class=\"elementor-element elementor-element-d7fdd4b elementor-position-left elementor-vertical-align-middle elementor-widget elementor-widget-image-box\" data-id=\"d7fdd4b\" data-element_type=\"widget\" data-widget_type=\"image-box.default\">\n\t\t\t\t<div class=\"elementor-widget-container\">\n\t\t\t<div class=\"elementor-image-box-wrapper\"><figure class=\"elementor-image-box-img\"><img width=\"278\" height=\"112\" src=\"https:\/\/dombankietowyanna.pl\/hotel\/wp-content\/uploads\/2021\/09\/logo-anna-hotel.png\" class=\"attachment-full size-full\" alt=\"\" loading=\"lazy\" \/><\/figure><div class=\"elementor-image-box-content\"><p class=\"elementor-image-box-description\">Realizacja projektu strony:<br>PRESTOMEDIA.PL<\/p><\/div><\/div>\t\t<\/div>\n\t\t\t\t<\/div>\n\t\t\t\t\t<\/div>\n\t\t<\/div>\n\t\t\t\t<div class=\"has_eae_slider elementor-column elementor-col-50 elementor-top-column elementor-element elementor-element-3307861\" data-id=\"3307861\" data-element_type=\"column\">\n\t\t\t<div class=\"elementor-widget-wrap elementor-element-populated\">\n\t\t\t\t\t\t\t\t<div class=\"elementor-element elementor-element-c9aa865 elementor-widget elementor-widget-text-editor\" data-id=\"c9aa865\" data-element_type=\"widget\" data-widget_type=\"text-editor.default\">\n\t\t\t\t<div class=\"elementor-widget-container\">\n\t\t\t\t\t\t\t+48 606-144-603<br>\n<strong>kontakt@dombankietowyanna.pl<\/strong>\t\t\t\t\t\t<\/div>\n\t\t\t\t<\/div>\n\t\t\t\t\t<\/div>\n\t\t<\/div>\n\t\t\t\t\t\t\t<\/div>\n\t\t<\/section>\n\t\t\t\t\t\t<\/div>\n\t\t\t\t\t<\/div>\n\t\t","protected":false},"excerpt":{"rendered":"<p>POKOJE GO\u015aCINNE &#8220;ANNA&#8221; Dom Bankietowy &#8220;Anna&#8221; zosta\u0142 wybudowany w 2006r i jest to lokal kt\u00f3ry spe\u0142nia wymagania nawet najbardziej wymagaj\u0105cych klient\u00f3w. Obiekt po\u0142o\u017cony jest o 30 minut drogi od Warszawy i 5 km od lotniska w Modlinie.Zapraszamy Pa\u0144stwa do zorganizowania niezapomnianego przyj\u0119cia weselnego w nowo wybudowanym obiekcie.Profesjonalna obs\u0142uga, klimatyzowana sala, dobra akustyka, specjalne o\u015bwietlenie sali sprawia, i\u017c atmosfera wn\u0119trza jest nadzwyczaj intymna i wyj\u0105tkowa.Przez ca\u0142y czas trwania uroczysto\u015bci do Pa\u0144stwa dyspozycji jest mi\u0142a i profesjonalna obs\u0142uga.Oferujemy niskie ceny, bogate menu oraz gwarantujemy indywidualne podej\u015bcie przy w\u0142asnym komponowaniu menu i wspania\u0142\u0105 zabaw\u0119. W 2013r. rozszerzyli\u015bmy dzia\u0142alno\u015b\u0107 o us\u0142ugi hotelarskie. Mi\u0142a i profesjonalna obs\u0142uga, smaczna kuchnia, kameralna atmosfera, komfortowe pokoje, a to wszystko w po\u0142\u0105czeniu z przyst\u0119pnymi cenami pozwoli\u0142y nam od samego pocz\u0105tku zbiera\u0107 znakomite recenzje od naszych go\u015bci. Z opiniami o naszym hoteliku mo\u017ce zapozna\u0107 si\u0119 Pa\u0144stwo m.in. na portalu booking.com NASZA OFERTA SPRAWD\u0179 OFERTE POKOI GO\u015aCINNYCH ANNA NAPISZ LUB ZADZWO\u0143 KONTAKT Pokoje Go\u015bcinne \u201eANNA\u201d 05\u2013102 Nowy Dw\u00f3r Mazowiecki | ul. Jana Paw\u0142a 27 Tel: +48 606 144 603 | Tel: +48 503 948 380 E-mail: hotel@dombankietowyanna.pl | kontakt@dombankietowyanna.pl\u00a0 Realizacja projektu strony:PRESTOMEDIA.PL +48 606-144-603 kontakt@dombankietowyanna.pl<\/p>\n","protected":false},"author":1,"featured_media":0,"parent":0,"menu_order":0,"comment_status":"closed","ping_status":"closed","template":"","meta":[],"_links":{"self":[{"href":"https:\/\/dombankietowyanna.pl\/hotel\/wp-json\/wp\/v2\/pages\/10"}],"collection":[{"href":"https:\/\/dombankietowyanna.pl\/hotel\/wp-json\/wp\/v2\/pages"}],"about":[{"href":"https:\/\/dombankietowyanna.pl\/hotel\/wp-json\/wp\/v2\/types\/page"}],"author":[{"embeddable":true,"href":"https:\/\/dombankietowyanna.pl\/hotel\/wp-json\/wp\/v2\/users\/1"}],"replies":[{"embeddable":true,"href":"https:\/\/dombankietowyanna.pl\/hotel\/wp-json\/wp\/v2\/comments?post=10"}],"version-history":[{"count":16,"href":"https:\/\/dombankietowyanna.pl\/hotel\/wp-json\/wp\/v2\/pages\/10\/revisions"}],"predecessor-version":[{"id":643,"href":"https:\/\/dombankietowyanna.pl\/hotel\/wp-json\/wp\/v2\/pages\/10\/revisions\/643"}],"wp:attachment":[{"href":"https:\/\/dombankietowyanna.pl\/hotel\/wp-json\/wp\/v2\/media?parent=10"}],"curies":[{"name":"wp","href":"https:\/\/api.w.org\/{rel}","templated":true}]}}